{"id":2,"date":"2022-08-13T14:42:31","date_gmt":"2022-08-13T12:42:31","guid":{"rendered":"http:\/\/maison-connectee.org\/?page_id=2"},"modified":"2025-04-09T08:40:18","modified_gmt":"2025-04-09T06:40:18","slug":"page-d-exemple","status":"publish","type":"page","link":"https:\/\/maison-connectee.org\/index.php\/page-d-exemple\/","title":{"rendered":"Les Tests d&#8217;Avril 2024"},"content":{"rendered":"\n<p>Le soleil revient et il est temps de faire un tour dans le jardin pour remettre en route robots, piscine, et v\u00e9rifier l&#8217;installation photo \u00e9lectrique. Une bonne occasion pour passer en revue tout cela avec un oeil honn\u00eate. <\/p>\n\n\n\n<p>Au programme du mois d&#8217;avril une belle s\u00e9rie de tests en pr\u00e9paration : <\/p>\n\n\n\n<ul class=\"wp-block-list\">\n<li><a href=\"https:\/\/maison-connectee.org\/index.php\/2025\/04\/09\/luba-2-de-mammotion-un-an-de-tonte-sans-contrainte-retour-sur-un-robot-tondeuse-nouvelle-generation\/\" data-type=\"link\" data-id=\"https:\/\/maison-connectee.org\/index.php\/2025\/04\/09\/luba-2-de-mammotion-un-an-de-tonte-sans-contrainte-retour-sur-un-robot-tondeuse-nouvelle-generation\/\">Retour d&#8217;exp\u00e9rience sur 1 an d&#8217;utilisation de ce qui est selon moi le meilleure robot tondeuse du march\u00e9: le LUBA 2 de MAMMOTION<\/a><\/li>\n\n\n\n<li>Test du robot de piscine AIPER S1 PRO <\/li>\n\n\n\n<li>Test de la sonde de piscine ECO START <\/li>\n\n\n\n<li>Retour sur 1 an de production \u00e9lectrique par panneaux solaire et avis sur les Micro Onduleurs Enphase IQ8<\/li>\n<\/ul>\n\n\n\n<p>Tout cela arrive bient\u00f4t !! <\/p>\n\n\n\n<p>Bon printemps \u00e0 tous&#8230; <\/p>\n","protected":false},"excerpt":{"rendered":"<p>Le soleil revient et il est temps de faire un tour dans le jardin pour remettre en route robots, piscine, et v\u00e9rifier l&#8217;installation photo \u00e9lectrique. Une bonne occasion pour passer en revue tout cela avec un oeil honn\u00eate. Au programme du mois d&#8217;avril une belle s\u00e9rie de tests en pr\u00e9paration : Tout cela arrive bient\u00f4t [&hellip;]<\/p>\n","protected":false},"author":1,"featured_media":0,"parent":0,"menu_order":0,"comment_status":"closed","ping_status":"open","template":"","meta":{"footnotes":""},"class_list":["post-2","page","type-page","status-publish","hentry"],"_links":{"self":[{"href":"https:\/\/maison-connectee.org\/index.php\/wp-json\/wp\/v2\/pages\/2","targetHints":{"allow":["GET"]}}],"collection":[{"href":"https:\/\/maison-connectee.org\/index.php\/wp-json\/wp\/v2\/pages"}],"about":[{"href":"https:\/\/maison-connectee.org\/index.php\/wp-json\/wp\/v2\/types\/page"}],"author":[{"embeddable":true,"href":"https:\/\/maison-connectee.org\/index.php\/wp-json\/wp\/v2\/users\/1"}],"replies":[{"embeddable":true,"href":"https:\/\/maison-connectee.org\/index.php\/wp-json\/wp\/v2\/comments?post=2"}],"version-history":[{"count":4,"href":"https:\/\/maison-connectee.org\/index.php\/wp-json\/wp\/v2\/pages\/2\/revisions"}],"predecessor-version":[{"id":31,"href":"https:\/\/maison-connectee.org\/index.php\/wp-json\/wp\/v2\/pages\/2\/revisions\/31"}],"wp:attachment":[{"href":"https:\/\/maison-connectee.org\/index.php\/wp-json\/wp\/v2\/media?parent=2"}],"curies":[{"name":"wp","href":"https:\/\/api.w.org\/{rel}","templated":true}]}}